{"id":101,"date":"2019-05-16T15:52:18","date_gmt":"2019-05-16T15:52:18","guid":{"rendered":"https:\/\/schreiben-und-erinnern.de\/?page_id=101"},"modified":"2024-10-04T14:32:42","modified_gmt":"2024-10-04T14:32:42","slug":"notieren-und-skizzieren","status":"publish","type":"page","link":"https:\/\/schreiben-und-erinnern.de\/index.php\/notieren-und-skizzieren\/","title":{"rendered":"Notieren und Skizzieren"},"content":{"rendered":"\n<h2>Hier und dort &#8211; notieren, skizzieren und den Horizont erweitern<\/h2>\n\n\n<div class=\"wp-block-image pict165height\">\n<figure class=\"alignleft is-resized\"><img decoding=\"async\" src=\"https:\/\/schreiben-und-erinnern.de\/wp-content\/uploads\/2019\/05\/533.jpg\" alt=\"\" class=\"wp-image-153\" width=\"230\" srcset=\"https:\/\/schreiben-und-erinnern.de\/wp-content\/uploads\/2019\/05\/533.jpg 629w, https:\/\/schreiben-und-erinnern.de\/wp-content\/uploads\/2019\/05\/533-300x203.jpg 300w, https:\/\/schreiben-und-erinnern.de\/wp-content\/uploads\/2019\/05\/533-443x300.jpg 443w\" sizes=\"(max-width: 629px) 100vw, 629px\" \/><\/figure><\/div>\n\n\n<p>Sie sind unterwegs in Ihrer Umgebung oder auf Reisen. Aus einem Impuls heraus halten Sie inne und wollen einen Gedanken, eine Stimmung oder einen Moment festhalten, wie ein Zeichner eine Skizze aufs Papier wirft. Spielerisch lernen Sie die unterschiedlichen Formen des Notierens und Skizzierens kennen und erproben: Wir werden hinausgehen und unsere Sinne wecken; im Vertrauten das Besondere finden; uns Zeit nehmen, auch dem Unscheinbaren Aufmerksamkeit zu schenken \u2013 und notieren und skizzieren, was wir entdecken.<br>Skizzen und Notizen scheinen fl\u00fcchtig, vorl\u00e4ufig, unfertig. Sie besitzen dennoch eine eigene Qualit\u00e4t.<\/p>\n\n\n\n<h3>Wochenendkurse:<\/h3>\n\n\n\n<figure class=\"wp-block-table\"><table><tbody><tr><td>16. bis 18. Mai 2025<br><br><\/td><td>Freitag, 18.00 &#8211; 21.00 Uhr<br>Samstag, 10.30 &#8211; 13.30 Uhr, 15 &#8211; 17 Uhr<br>Sonntag, 10.30 &#8211; 13.30 Uhr<\/td><\/tr><tr><td>29. bis 31. August 2025<\/td><td>Freitag, 18.00 &#8211; 21.00 Uhr<br>Samstag, 10.30 &#8211; 13.30 Uhr, 15 &#8211; 17 Uhr<br>Sonntag, 10.30 &#8211; 13.30 Uhr<\/td><\/tr><tr><td>max. 6 Teilnehmer\/innen<\/td><td>180,- Euro \/\/ 160,- Euro<\/td><\/tr><\/tbody><\/table><\/figure>\n","protected":false},"excerpt":{"rendered":"<p>Hier und dort &#8211; notieren, skizzieren und den Horizont erweitern Sie sind unterwegs in Ihrer Umgebung oder auf Reisen. Aus einem Impuls heraus halten Sie inne und wollen einen Gedanken, eine Stimmung oder einen Moment festhalten, wie ein Zeichner eine &hellip; <a href=\"https:\/\/schreiben-und-erinnern.de\/index.php\/notieren-und-skizzieren\/\">Weiterlesen <span class=\"meta-nav\">&rarr;<\/span><\/a><\/p>\n","protected":false},"author":1,"featured_media":0,"parent":0,"menu_order":0,"comment_status":"closed","ping_status":"closed","template":"","meta":[],"yoast_head":"<!-- This site is optimized with the Yoast SEO plugin v20.1 - https:\/\/yoast.com\/wordpress\/plugins\/seo\/ -->\n<title>Notieren und Skizzieren &ndash; Barbara Mannitz Hamburg<\/title>\n<meta name=\"robots\" content=\"index, follow, max-snippet:-1, max-image-preview:large, max-video-preview:-1\" \/>\n<link rel=\"canonical\" href=\"https:\/\/schreiben-und-erinnern.de\/index.php\/notieren-und-skizzieren\/\" \/>\n<meta property=\"og:locale\" content=\"de_DE\" \/>\n<meta property=\"og:type\" content=\"article\" \/>\n<meta property=\"og:title\" content=\"Notieren und Skizzieren &ndash; Barbara Mannitz Hamburg\" \/>\n<meta property=\"og:description\" content=\"Hier und dort &#8211; notieren, skizzieren und den Horizont erweitern Sie sind unterwegs in Ihrer Umgebung oder auf Reisen. Aus einem Impuls heraus halten Sie inne und wollen einen Gedanken, eine Stimmung oder einen Moment festhalten, wie ein Zeichner eine &hellip; Weiterlesen &rarr;\" \/>\n<meta property=\"og:url\" content=\"https:\/\/schreiben-und-erinnern.de\/index.php\/notieren-und-skizzieren\/\" \/>\n<meta property=\"og:site_name\" content=\"Barbara Mannitz Hamburg\" \/>\n<meta property=\"article:modified_time\" content=\"2024-10-04T14:32:42+00:00\" \/>\n<meta property=\"og:image\" content=\"https:\/\/schreiben-und-erinnern.de\/wp-content\/uploads\/2019\/05\/533.jpg\" \/>\n<meta name=\"twitter:card\" content=\"summary_large_image\" \/>\n<meta name=\"twitter:label1\" content=\"Gesch\u00e4tzte Lesezeit\" \/>\n\t<meta name=\"twitter:data1\" content=\"2\u00a0Minuten\" \/>\n<script type=\"application\/ld+json\" class=\"yoast-schema-graph\">{\"@context\":\"https:\/\/schema.org\",\"@graph\":[{\"@type\":\"WebPage\",\"@id\":\"https:\/\/schreiben-und-erinnern.de\/index.php\/notieren-und-skizzieren\/\",\"url\":\"https:\/\/schreiben-und-erinnern.de\/index.php\/notieren-und-skizzieren\/\",\"name\":\"Notieren und Skizzieren &ndash; Barbara Mannitz Hamburg\",\"isPartOf\":{\"@id\":\"https:\/\/schreiben-und-erinnern.de\/#website\"},\"datePublished\":\"2019-05-16T15:52:18+00:00\",\"dateModified\":\"2024-10-04T14:32:42+00:00\",\"breadcrumb\":{\"@id\":\"https:\/\/schreiben-und-erinnern.de\/index.php\/notieren-und-skizzieren\/#breadcrumb\"},\"inLanguage\":\"de\",\"potentialAction\":[{\"@type\":\"ReadAction\",\"target\":[\"https:\/\/schreiben-und-erinnern.de\/index.php\/notieren-und-skizzieren\/\"]}]},{\"@type\":\"BreadcrumbList\",\"@id\":\"https:\/\/schreiben-und-erinnern.de\/index.php\/notieren-und-skizzieren\/#breadcrumb\",\"itemListElement\":[{\"@type\":\"ListItem\",\"position\":1,\"name\":\"Startseite\",\"item\":\"https:\/\/schreiben-und-erinnern.de\/\"},{\"@type\":\"ListItem\",\"position\":2,\"name\":\"Notieren und Skizzieren\"}]},{\"@type\":\"WebSite\",\"@id\":\"https:\/\/schreiben-und-erinnern.de\/#website\",\"url\":\"https:\/\/schreiben-und-erinnern.de\/\",\"name\":\"Schreiben und Erinnern\",\"description\":\"schreiben \u2013 und \u2013 erinnern\",\"potentialAction\":[{\"@type\":\"SearchAction\",\"target\":{\"@type\":\"EntryPoint\",\"urlTemplate\":\"https:\/\/schreiben-und-erinnern.de\/?s={search_term_string}\"},\"query-input\":\"required name=search_term_string\"}],\"inLanguage\":\"de\"}]}<\/script>\n<!-- \/ Yoast SEO plugin. -->","yoast_head_json":{"title":"Notieren und Skizzieren &ndash; Barbara Mannitz Hamburg","robots":{"index":"index","follow":"follow","max-snippet":"max-snippet:-1","max-image-preview":"max-image-preview:large","max-video-preview":"max-video-preview:-1"},"canonical":"https:\/\/schreiben-und-erinnern.de\/index.php\/notieren-und-skizzieren\/","og_locale":"de_DE","og_type":"article","og_title":"Notieren und Skizzieren &ndash; Barbara Mannitz Hamburg","og_description":"Hier und dort &#8211; notieren, skizzieren und den Horizont erweitern Sie sind unterwegs in Ihrer Umgebung oder auf Reisen. Aus einem Impuls heraus halten Sie inne und wollen einen Gedanken, eine Stimmung oder einen Moment festhalten, wie ein Zeichner eine &hellip; Weiterlesen &rarr;","og_url":"https:\/\/schreiben-und-erinnern.de\/index.php\/notieren-und-skizzieren\/","og_site_name":"Barbara Mannitz Hamburg","article_modified_time":"2024-10-04T14:32:42+00:00","og_image":[{"url":"https:\/\/schreiben-und-erinnern.de\/wp-content\/uploads\/2019\/05\/533.jpg"}],"twitter_card":"summary_large_image","twitter_misc":{"Gesch\u00e4tzte Lesezeit":"2\u00a0Minuten"},"schema":{"@context":"https:\/\/schema.org","@graph":[{"@type":"WebPage","@id":"https:\/\/schreiben-und-erinnern.de\/index.php\/notieren-und-skizzieren\/","url":"https:\/\/schreiben-und-erinnern.de\/index.php\/notieren-und-skizzieren\/","name":"Notieren und Skizzieren &ndash; Barbara Mannitz Hamburg","isPartOf":{"@id":"https:\/\/schreiben-und-erinnern.de\/#website"},"datePublished":"2019-05-16T15:52:18+00:00","dateModified":"2024-10-04T14:32:42+00:00","breadcrumb":{"@id":"https:\/\/schreiben-und-erinnern.de\/index.php\/notieren-und-skizzieren\/#breadcrumb"},"inLanguage":"de","potentialAction":[{"@type":"ReadAction","target":["https:\/\/schreiben-und-erinnern.de\/index.php\/notieren-und-skizzieren\/"]}]},{"@type":"BreadcrumbList","@id":"https:\/\/schreiben-und-erinnern.de\/index.php\/notieren-und-skizzieren\/#breadcrumb","itemListElement":[{"@type":"ListItem","position":1,"name":"Startseite","item":"https:\/\/schreiben-und-erinnern.de\/"},{"@type":"ListItem","position":2,"name":"Notieren und Skizzieren"}]},{"@type":"WebSite","@id":"https:\/\/schreiben-und-erinnern.de\/#website","url":"https:\/\/schreiben-und-erinnern.de\/","name":"Schreiben und Erinnern","description":"schreiben \u2013 und \u2013 erinnern","potentialAction":[{"@type":"SearchAction","target":{"@type":"EntryPoint","urlTemplate":"https:\/\/schreiben-und-erinnern.de\/?s={search_term_string}"},"query-input":"required name=search_term_string"}],"inLanguage":"de"}]}},"_links":{"self":[{"href":"https:\/\/schreiben-und-erinnern.de\/index.php\/wp-json\/wp\/v2\/pages\/101"}],"collection":[{"href":"https:\/\/schreiben-und-erinnern.de\/index.php\/wp-json\/wp\/v2\/pages"}],"about":[{"href":"https:\/\/schreiben-und-erinnern.de\/index.php\/wp-json\/wp\/v2\/types\/page"}],"author":[{"embeddable":true,"href":"https:\/\/schreiben-und-erinnern.de\/index.php\/wp-json\/wp\/v2\/users\/1"}],"replies":[{"embeddable":true,"href":"https:\/\/schreiben-und-erinnern.de\/index.php\/wp-json\/wp\/v2\/comments?post=101"}],"version-history":[{"count":20,"href":"https:\/\/schreiben-und-erinnern.de\/index.php\/wp-json\/wp\/v2\/pages\/101\/revisions"}],"predecessor-version":[{"id":320,"href":"https:\/\/schreiben-und-erinnern.de\/index.php\/wp-json\/wp\/v2\/pages\/101\/revisions\/320"}],"wp:attachment":[{"href":"https:\/\/schreiben-und-erinnern.de\/index.php\/wp-json\/wp\/v2\/media?parent=101"}],"curies":[{"name":"wp","href":"https:\/\/api.w.org\/{rel}","templated":true}]}}