{"id":48,"date":"2019-05-16T10:54:24","date_gmt":"2019-05-16T10:54:24","guid":{"rendered":"https:\/\/schreiben-und-erinnern.de\/?page_id=48"},"modified":"2019-05-26T11:56:51","modified_gmt":"2019-05-26T11:56:51","slug":"uber-mich","status":"publish","type":"page","link":"https:\/\/schreiben-und-erinnern.de\/index.php\/uber-mich\/","title":{"rendered":"Barbara Mannitz"},"content":{"rendered":"\n<h2>Soziologin, Dozentin, Heilpraktikerin f\u00fcr Psychotherapie, Poesietherapeutin<\/h2>\n\n\n\n<div class=\"wp-block-media-text alignwide\" style=\"grid-template-columns:33% auto\"><figure class=\"wp-block-media-text__media\"><img decoding=\"async\" loading=\"lazy\" width=\"567\" height=\"426\" src=\"https:\/\/schreiben-und-erinnern.de\/wp-content\/uploads\/2019\/05\/516.jpg\" alt=\"\" class=\"wp-image-77\" srcset=\"https:\/\/schreiben-und-erinnern.de\/wp-content\/uploads\/2019\/05\/516.jpg 567w, https:\/\/schreiben-und-erinnern.de\/wp-content\/uploads\/2019\/05\/516-300x225.jpg 300w, https:\/\/schreiben-und-erinnern.de\/wp-content\/uploads\/2019\/05\/516-399x300.jpg 399w\" sizes=\"(max-width: 567px) 100vw, 567px\" \/><\/figure><div class=\"wp-block-media-text__content\">\n<p>Im kalten Fr\u00fchling zwei Jahre nach Kriegsende wurde ich in Hamburg geboren. In der braven Welt der 50er Jahre wuchs ich auf und machte nach dem Abitur einen l\u00e4ngeren Ausflug in die sich entwickelnde elektronische Datenverarbeitung als (System-) Programmiererin.<\/p>\n<\/div><\/div>\n\n\n\n<p>Die Studentenbewegung wurde f\u00fcr mich zum Aufbruch &#8211; ich nahm Abschied von den Zahlen und studierte Soziologie, Psychologie, Psychoanalyse und Politikwissenschaften in Gie\u00dfen und Hamburg.<\/p>\n\n\n\n<p>Meine ersten T\u00e4tigkeitsfelder an der Universit\u00e4t waren Medizin-Soziologie, Psychiatrie und Kriminologie. W\u00e4hrend der Jahre in Forschung und Lehre wuchs meine Neugier auf Menschen mit ihren pers\u00f6nlichen Geschichten. Ich wollte reisen, die Welt kennenlernen und schreiben. Viele Jahre arbeitete ich dann als Journalistin, H\u00f6rfunkautorin und Dozentin f\u00fcr  Interview- und Gespr\u00e4chsf\u00fchrung. Parallel machte ich eine psychoanalytisch orientierte  Psychotherapieausbildung. Mein Interesse therapeutisch zu arbeiten und meine Lust zu schreiben, konnte ich in der Ausbildung \u201eKreatives Schreiben und Poesietherapie\u201c zusammenbringen.<\/p>\n\n\n\n<p>Inzwischen leite ich seit vielen Jahren verschiedene Schreibwerkst\u00e4tten und unterst\u00fctze Menschen beim Schreiben ihrer\/einer Biografie. Auf Wunsch begleite ich sie auch psychotherapeutisch.<\/p>\n","protected":false},"excerpt":{"rendered":"<p>Soziologin, Dozentin, Heilpraktikerin f\u00fcr Psychotherapie, Poesietherapeutin Im kalten Fr\u00fchling zwei Jahre nach Kriegsende wurde ich in Hamburg geboren. In der braven Welt der 50er Jahre wuchs ich auf und machte nach dem Abitur einen l\u00e4ngeren Ausflug in die sich entwickelnde &hellip; <a href=\"https:\/\/schreiben-und-erinnern.de\/index.php\/uber-mich\/\">Weiterlesen <span class=\"meta-nav\">&rarr;<\/span><\/a><\/p>\n","protected":false},"author":1,"featured_media":0,"parent":0,"menu_order":0,"comment_status":"closed","ping_status":"closed","template":"","meta":[],"yoast_head":"<!-- This site is optimized with the Yoast SEO plugin v20.1 - https:\/\/yoast.com\/wordpress\/plugins\/seo\/ -->\n<title>Barbara Mannitz &ndash; Barbara Mannitz Hamburg<\/title>\n<meta name=\"robots\" content=\"index, follow, max-snippet:-1, max-image-preview:large, max-video-preview:-1\" \/>\n<link rel=\"canonical\" href=\"https:\/\/schreiben-und-erinnern.de\/index.php\/uber-mich\/\" \/>\n<meta property=\"og:locale\" content=\"de_DE\" \/>\n<meta property=\"og:type\" content=\"article\" \/>\n<meta property=\"og:title\" content=\"Barbara Mannitz &ndash; Barbara Mannitz Hamburg\" \/>\n<meta property=\"og:description\" content=\"Soziologin, Dozentin, Heilpraktikerin f\u00fcr Psychotherapie, Poesietherapeutin Im kalten Fr\u00fchling zwei Jahre nach Kriegsende wurde ich in Hamburg geboren. In der braven Welt der 50er Jahre wuchs ich auf und machte nach dem Abitur einen l\u00e4ngeren Ausflug in die sich entwickelnde &hellip; Weiterlesen &rarr;\" \/>\n<meta property=\"og:url\" content=\"https:\/\/schreiben-und-erinnern.de\/index.php\/uber-mich\/\" \/>\n<meta property=\"og:site_name\" content=\"Barbara Mannitz Hamburg\" \/>\n<meta property=\"article:modified_time\" content=\"2019-05-26T11:56:51+00:00\" \/>\n<meta property=\"og:image\" content=\"https:\/\/schreiben-und-erinnern.de\/wp-content\/uploads\/2019\/05\/516.jpg\" \/>\n<meta name=\"twitter:card\" content=\"summary_large_image\" \/>\n<meta name=\"twitter:label1\" content=\"Gesch\u00e4tzte Lesezeit\" \/>\n\t<meta name=\"twitter:data1\" content=\"1\u00a0Minute\" \/>\n<script type=\"application\/ld+json\" class=\"yoast-schema-graph\">{\"@context\":\"https:\/\/schema.org\",\"@graph\":[{\"@type\":\"WebPage\",\"@id\":\"https:\/\/schreiben-und-erinnern.de\/index.php\/uber-mich\/\",\"url\":\"https:\/\/schreiben-und-erinnern.de\/index.php\/uber-mich\/\",\"name\":\"Barbara Mannitz &ndash; Barbara Mannitz Hamburg\",\"isPartOf\":{\"@id\":\"https:\/\/schreiben-und-erinnern.de\/#website\"},\"datePublished\":\"2019-05-16T10:54:24+00:00\",\"dateModified\":\"2019-05-26T11:56:51+00:00\",\"breadcrumb\":{\"@id\":\"https:\/\/schreiben-und-erinnern.de\/index.php\/uber-mich\/#breadcrumb\"},\"inLanguage\":\"de\",\"potentialAction\":[{\"@type\":\"ReadAction\",\"target\":[\"https:\/\/schreiben-und-erinnern.de\/index.php\/uber-mich\/\"]}]},{\"@type\":\"BreadcrumbList\",\"@id\":\"https:\/\/schreiben-und-erinnern.de\/index.php\/uber-mich\/#breadcrumb\",\"itemListElement\":[{\"@type\":\"ListItem\",\"position\":1,\"name\":\"Startseite\",\"item\":\"https:\/\/schreiben-und-erinnern.de\/\"},{\"@type\":\"ListItem\",\"position\":2,\"name\":\"Barbara Mannitz\"}]},{\"@type\":\"WebSite\",\"@id\":\"https:\/\/schreiben-und-erinnern.de\/#website\",\"url\":\"https:\/\/schreiben-und-erinnern.de\/\",\"name\":\"Schreiben und Erinnern\",\"description\":\"schreiben \u2013 und \u2013 erinnern\",\"potentialAction\":[{\"@type\":\"SearchAction\",\"target\":{\"@type\":\"EntryPoint\",\"urlTemplate\":\"https:\/\/schreiben-und-erinnern.de\/?s={search_term_string}\"},\"query-input\":\"required name=search_term_string\"}],\"inLanguage\":\"de\"}]}<\/script>\n<!-- \/ Yoast SEO plugin. -->","yoast_head_json":{"title":"Barbara Mannitz &ndash; Barbara Mannitz Hamburg","robots":{"index":"index","follow":"follow","max-snippet":"max-snippet:-1","max-image-preview":"max-image-preview:large","max-video-preview":"max-video-preview:-1"},"canonical":"https:\/\/schreiben-und-erinnern.de\/index.php\/uber-mich\/","og_locale":"de_DE","og_type":"article","og_title":"Barbara Mannitz &ndash; Barbara Mannitz Hamburg","og_description":"Soziologin, Dozentin, Heilpraktikerin f\u00fcr Psychotherapie, Poesietherapeutin Im kalten Fr\u00fchling zwei Jahre nach Kriegsende wurde ich in Hamburg geboren. In der braven Welt der 50er Jahre wuchs ich auf und machte nach dem Abitur einen l\u00e4ngeren Ausflug in die sich entwickelnde &hellip; Weiterlesen &rarr;","og_url":"https:\/\/schreiben-und-erinnern.de\/index.php\/uber-mich\/","og_site_name":"Barbara Mannitz Hamburg","article_modified_time":"2019-05-26T11:56:51+00:00","og_image":[{"url":"https:\/\/schreiben-und-erinnern.de\/wp-content\/uploads\/2019\/05\/516.jpg"}],"twitter_card":"summary_large_image","twitter_misc":{"Gesch\u00e4tzte Lesezeit":"1\u00a0Minute"},"schema":{"@context":"https:\/\/schema.org","@graph":[{"@type":"WebPage","@id":"https:\/\/schreiben-und-erinnern.de\/index.php\/uber-mich\/","url":"https:\/\/schreiben-und-erinnern.de\/index.php\/uber-mich\/","name":"Barbara Mannitz &ndash; Barbara Mannitz Hamburg","isPartOf":{"@id":"https:\/\/schreiben-und-erinnern.de\/#website"},"datePublished":"2019-05-16T10:54:24+00:00","dateModified":"2019-05-26T11:56:51+00:00","breadcrumb":{"@id":"https:\/\/schreiben-und-erinnern.de\/index.php\/uber-mich\/#breadcrumb"},"inLanguage":"de","potentialAction":[{"@type":"ReadAction","target":["https:\/\/schreiben-und-erinnern.de\/index.php\/uber-mich\/"]}]},{"@type":"BreadcrumbList","@id":"https:\/\/schreiben-und-erinnern.de\/index.php\/uber-mich\/#breadcrumb","itemListElement":[{"@type":"ListItem","position":1,"name":"Startseite","item":"https:\/\/schreiben-und-erinnern.de\/"},{"@type":"ListItem","position":2,"name":"Barbara Mannitz"}]},{"@type":"WebSite","@id":"https:\/\/schreiben-und-erinnern.de\/#website","url":"https:\/\/schreiben-und-erinnern.de\/","name":"Schreiben und Erinnern","description":"schreiben \u2013 und \u2013 erinnern","potentialAction":[{"@type":"SearchAction","target":{"@type":"EntryPoint","urlTemplate":"https:\/\/schreiben-und-erinnern.de\/?s={search_term_string}"},"query-input":"required name=search_term_string"}],"inLanguage":"de"}]}},"_links":{"self":[{"href":"https:\/\/schreiben-und-erinnern.de\/index.php\/wp-json\/wp\/v2\/pages\/48"}],"collection":[{"href":"https:\/\/schreiben-und-erinnern.de\/index.php\/wp-json\/wp\/v2\/pages"}],"about":[{"href":"https:\/\/schreiben-und-erinnern.de\/index.php\/wp-json\/wp\/v2\/types\/page"}],"author":[{"embeddable":true,"href":"https:\/\/schreiben-und-erinnern.de\/index.php\/wp-json\/wp\/v2\/users\/1"}],"replies":[{"embeddable":true,"href":"https:\/\/schreiben-und-erinnern.de\/index.php\/wp-json\/wp\/v2\/comments?post=48"}],"version-history":[{"count":13,"href":"https:\/\/schreiben-und-erinnern.de\/index.php\/wp-json\/wp\/v2\/pages\/48\/revisions"}],"predecessor-version":[{"id":230,"href":"https:\/\/schreiben-und-erinnern.de\/index.php\/wp-json\/wp\/v2\/pages\/48\/revisions\/230"}],"wp:attachment":[{"href":"https:\/\/schreiben-und-erinnern.de\/index.php\/wp-json\/wp\/v2\/media?parent=48"}],"curies":[{"name":"wp","href":"https:\/\/api.w.org\/{rel}","templated":true}]}}