{"id":8,"date":"2019-05-16T09:30:22","date_gmt":"2019-05-16T09:30:22","guid":{"rendered":"https:\/\/schreiben-und-erinnern.de\/?page_id=8"},"modified":"2022-11-11T14:43:11","modified_gmt":"2022-11-11T14:43:11","slug":"home","status":"publish","type":"page","link":"https:\/\/schreiben-und-erinnern.de\/","title":{"rendered":"Willkommen"},"content":{"rendered":"\n<h2>in der biografischen Schreibwerkstatt in Hamburg<\/h2>\n\n\n\n<h2>Barbara Mannitz<\/h2>\n\n\n\n<p>Schreiben ist sch\u00f6pferisch. Es macht die Sinne munter und weckt Erinnerungen, <br>bringt Distanz, kl\u00e4rt Gef\u00fchle und ordnet Gedanken.<br>Schreiben hilft heilen, bringt Freude und h\u00e4lt Augenblicke fest.<\/p>\n\n\n\n<blockquote style=\"text-align:right\" class=\"wp-block-quote\"><p><em>S<\/em>chreiben hei\u00dft sich selber lesen.<\/p><cite><em> Max Frisch<\/em><\/cite><\/blockquote>\n\n\n\n<p>Zu diesen Themen finden Sie hier Kursangebote:<\/p>\n\n\n\n<ul><li><a href=\"https:\/\/schreiben-und-erinnern.de\/index.php\/kurse-termine\/autobiografisches-schreiben\/\">Aus dem Leben erz\u00e4hlen &#8211; schreiben und einen neuen Blick gewinnen<\/a><\/li><li><a href=\"https:\/\/schreiben-und-erinnern.de\/index.php\/kurse-termine\/therapeutisches-schreiben\/\">In schwierigen Zeiten &#8211; innehalten und andere Wege finden<\/a><\/li><li><a href=\"https:\/\/schreiben-und-erinnern.de\/index.php\/kurse-termine\/notieren-und-skizzieren\/\">Hier&nbsp;und dort &#8211; notieren, skizzieren und den Horizont erweitern<\/a><\/li><\/ul>\n\n\n\n<p><\/p>\n","protected":false},"excerpt":{"rendered":"<p>in der biografischen Schreibwerkstatt in Hamburg Barbara Mannitz Schreiben ist sch\u00f6pferisch. Es macht die Sinne munter und weckt Erinnerungen, bringt Distanz, kl\u00e4rt Gef\u00fchle und ordnet Gedanken.Schreiben hilft heilen, bringt Freude und h\u00e4lt Augenblicke fest. Schreiben hei\u00dft sich selber lesen. Max &hellip; <a href=\"https:\/\/schreiben-und-erinnern.de\/\">Weiterlesen <span class=\"meta-nav\">&rarr;<\/span><\/a><\/p>\n","protected":false},"author":1,"featured_media":0,"parent":0,"menu_order":0,"comment_status":"closed","ping_status":"closed","template":"","meta":[],"yoast_head":"<!-- This site is optimized with the Yoast SEO plugin v20.1 - https:\/\/yoast.com\/wordpress\/plugins\/seo\/ -->\n<title>Barbara Mannitz Hamburg<\/title>\n<meta name=\"robots\" content=\"index, follow, max-snippet:-1, max-image-preview:large, max-video-preview:-1\" \/>\n<link rel=\"canonical\" href=\"https:\/\/schreiben-und-erinnern.de\/\" \/>\n<meta property=\"og:locale\" content=\"de_DE\" \/>\n<meta property=\"og:type\" content=\"article\" \/>\n<meta property=\"og:title\" content=\"Barbara Mannitz Hamburg\" \/>\n<meta property=\"og:description\" content=\"in der biografischen Schreibwerkstatt in Hamburg Barbara Mannitz Schreiben ist sch\u00f6pferisch. Es macht die Sinne munter und weckt Erinnerungen, bringt Distanz, kl\u00e4rt Gef\u00fchle und ordnet Gedanken.Schreiben hilft heilen, bringt Freude und h\u00e4lt Augenblicke fest. Schreiben hei\u00dft sich selber lesen. Max &hellip; Weiterlesen &rarr;\" \/>\n<meta property=\"og:url\" content=\"https:\/\/schreiben-und-erinnern.de\/\" \/>\n<meta property=\"og:site_name\" content=\"Barbara Mannitz Hamburg\" \/>\n<meta property=\"article:modified_time\" content=\"2022-11-11T14:43:11+00:00\" \/>\n<meta name=\"twitter:card\" content=\"summary_large_image\" \/>\n<script type=\"application\/ld+json\" class=\"yoast-schema-graph\">{\"@context\":\"https:\/\/schema.org\",\"@graph\":[{\"@type\":\"WebPage\",\"@id\":\"https:\/\/schreiben-und-erinnern.de\/\",\"url\":\"https:\/\/schreiben-und-erinnern.de\/\",\"name\":\"Barbara Mannitz Hamburg\",\"isPartOf\":{\"@id\":\"https:\/\/schreiben-und-erinnern.de\/#website\"},\"datePublished\":\"2019-05-16T09:30:22+00:00\",\"dateModified\":\"2022-11-11T14:43:11+00:00\",\"breadcrumb\":{\"@id\":\"https:\/\/schreiben-und-erinnern.de\/#breadcrumb\"},\"inLanguage\":\"de\",\"potentialAction\":[{\"@type\":\"ReadAction\",\"target\":[\"https:\/\/schreiben-und-erinnern.de\/\"]}]},{\"@type\":\"BreadcrumbList\",\"@id\":\"https:\/\/schreiben-und-erinnern.de\/#breadcrumb\",\"itemListElement\":[{\"@type\":\"ListItem\",\"position\":1,\"name\":\"Startseite\",\"item\":\"https:\/\/schreiben-und-erinnern.de\/\"},{\"@type\":\"ListItem\",\"position\":2,\"name\":\"Willkommen\"}]},{\"@type\":\"WebSite\",\"@id\":\"https:\/\/schreiben-und-erinnern.de\/#website\",\"url\":\"https:\/\/schreiben-und-erinnern.de\/\",\"name\":\"Schreiben und Erinnern\",\"description\":\"schreiben \u2013 und \u2013 erinnern\",\"potentialAction\":[{\"@type\":\"SearchAction\",\"target\":{\"@type\":\"EntryPoint\",\"urlTemplate\":\"https:\/\/schreiben-und-erinnern.de\/?s={search_term_string}\"},\"query-input\":\"required name=search_term_string\"}],\"inLanguage\":\"de\"}]}<\/script>\n<!-- \/ Yoast SEO plugin. -->","yoast_head_json":{"title":"Barbara Mannitz Hamburg","robots":{"index":"index","follow":"follow","max-snippet":"max-snippet:-1","max-image-preview":"max-image-preview:large","max-video-preview":"max-video-preview:-1"},"canonical":"https:\/\/schreiben-und-erinnern.de\/","og_locale":"de_DE","og_type":"article","og_title":"Barbara Mannitz Hamburg","og_description":"in der biografischen Schreibwerkstatt in Hamburg Barbara Mannitz Schreiben ist sch\u00f6pferisch. Es macht die Sinne munter und weckt Erinnerungen, bringt Distanz, kl\u00e4rt Gef\u00fchle und ordnet Gedanken.Schreiben hilft heilen, bringt Freude und h\u00e4lt Augenblicke fest. Schreiben hei\u00dft sich selber lesen. Max &hellip; Weiterlesen &rarr;","og_url":"https:\/\/schreiben-und-erinnern.de\/","og_site_name":"Barbara Mannitz Hamburg","article_modified_time":"2022-11-11T14:43:11+00:00","twitter_card":"summary_large_image","schema":{"@context":"https:\/\/schema.org","@graph":[{"@type":"WebPage","@id":"https:\/\/schreiben-und-erinnern.de\/","url":"https:\/\/schreiben-und-erinnern.de\/","name":"Barbara Mannitz Hamburg","isPartOf":{"@id":"https:\/\/schreiben-und-erinnern.de\/#website"},"datePublished":"2019-05-16T09:30:22+00:00","dateModified":"2022-11-11T14:43:11+00:00","breadcrumb":{"@id":"https:\/\/schreiben-und-erinnern.de\/#breadcrumb"},"inLanguage":"de","potentialAction":[{"@type":"ReadAction","target":["https:\/\/schreiben-und-erinnern.de\/"]}]},{"@type":"BreadcrumbList","@id":"https:\/\/schreiben-und-erinnern.de\/#breadcrumb","itemListElement":[{"@type":"ListItem","position":1,"name":"Startseite","item":"https:\/\/schreiben-und-erinnern.de\/"},{"@type":"ListItem","position":2,"name":"Willkommen"}]},{"@type":"WebSite","@id":"https:\/\/schreiben-und-erinnern.de\/#website","url":"https:\/\/schreiben-und-erinnern.de\/","name":"Schreiben und Erinnern","description":"schreiben \u2013 und \u2013 erinnern","potentialAction":[{"@type":"SearchAction","target":{"@type":"EntryPoint","urlTemplate":"https:\/\/schreiben-und-erinnern.de\/?s={search_term_string}"},"query-input":"required name=search_term_string"}],"inLanguage":"de"}]}},"_links":{"self":[{"href":"https:\/\/schreiben-und-erinnern.de\/index.php\/wp-json\/wp\/v2\/pages\/8"}],"collection":[{"href":"https:\/\/schreiben-und-erinnern.de\/index.php\/wp-json\/wp\/v2\/pages"}],"about":[{"href":"https:\/\/schreiben-und-erinnern.de\/index.php\/wp-json\/wp\/v2\/types\/page"}],"author":[{"embeddable":true,"href":"https:\/\/schreiben-und-erinnern.de\/index.php\/wp-json\/wp\/v2\/users\/1"}],"replies":[{"embeddable":true,"href":"https:\/\/schreiben-und-erinnern.de\/index.php\/wp-json\/wp\/v2\/comments?post=8"}],"version-history":[{"count":16,"href":"https:\/\/schreiben-und-erinnern.de\/index.php\/wp-json\/wp\/v2\/pages\/8\/revisions"}],"predecessor-version":[{"id":163,"href":"https:\/\/schreiben-und-erinnern.de\/index.php\/wp-json\/wp\/v2\/pages\/8\/revisions\/163"}],"wp:attachment":[{"href":"https:\/\/schreiben-und-erinnern.de\/index.php\/wp-json\/wp\/v2\/media?parent=8"}],"curies":[{"name":"wp","href":"https:\/\/api.w.org\/{rel}","templated":true}]}}