{"id":97,"date":"2019-05-16T15:49:46","date_gmt":"2019-05-16T15:49:46","guid":{"rendered":"https:\/\/schreiben-und-erinnern.de\/?page_id=97"},"modified":"2024-10-04T14:23:53","modified_gmt":"2024-10-04T14:23:53","slug":"therapeutisches-schreiben","status":"publish","type":"page","link":"https:\/\/schreiben-und-erinnern.de\/index.php\/therapeutisches-schreiben\/","title":{"rendered":"Therapeutisches Schreiben"},"content":{"rendered":"\n<h2>In schwierigen Zeiten &#8211; innehalten und andere Wege finden<\/h2>\n\n\n<div class=\"wp-block-image\">\n<figure class=\"alignleft is-resized\"><img decoding=\"async\" loading=\"lazy\" src=\"https:\/\/schreiben-und-erinnern.de\/wp-content\/uploads\/2019\/05\/531.jpg\" alt=\"\" class=\"wp-image-98\" width=\"215\" height=\"154\" srcset=\"https:\/\/schreiben-und-erinnern.de\/wp-content\/uploads\/2019\/05\/531.jpg 590w, https:\/\/schreiben-und-erinnern.de\/wp-content\/uploads\/2019\/05\/531-415x300.jpg 415w\" sizes=\"(max-width: 215px) 100vw, 215px\" \/><\/figure><\/div>\n\n\n<p>Schreiben hilft, sich besser zuzuh\u00f6ren, Erfahrungen zu verarbeiten und neue Perspektiven zu entwickeln \u2013 wenn Sie<br>\n\u2013 etwas in ihrem Leben ver\u00e4ndern wollen,<br>\n\u2013 in einen pers\u00f6nlichen Konflikt verstrickt sind,<br>\n\u2013 mit Problemen und Fragen konfrontiert sind<br>\n\u2013 oder wenn Sie sich mit traumatischen Erinnerungen auseinandersetzen wollen.<\/p>\n\n\n\n<p>Therapeutisches Schreiben orientiert sich unmittelbar an Ihrem Problem oder Ihrer Frage. Die \u00dcberg\u00e4nge zum autobiografischen Schreiben sind flie\u00dfend. Es findet in Einzelsitzungen und in kleinen Gruppen statt. Die Gruppen bestehen aus maximal sechs Teilnehmer\/innen. Ein Vorgespr\u00e4ch ist erforderlich.<\/p>\n\n\n\n<p>Termine nach Vereinbarung.<\/p>\n","protected":false},"excerpt":{"rendered":"<p>In schwierigen Zeiten &#8211; innehalten und andere Wege finden Schreiben hilft, sich besser zuzuh\u00f6ren, Erfahrungen zu verarbeiten und neue Perspektiven zu entwickeln \u2013 wenn Sie \u2013 etwas in ihrem Leben ver\u00e4ndern wollen, \u2013 in einen pers\u00f6nlichen Konflikt verstrickt sind, \u2013 &hellip; <a href=\"https:\/\/schreiben-und-erinnern.de\/index.php\/therapeutisches-schreiben\/\">Weiterlesen <span class=\"meta-nav\">&rarr;<\/span><\/a><\/p>\n","protected":false},"author":1,"featured_media":0,"parent":0,"menu_order":0,"comment_status":"closed","ping_status":"closed","template":"","meta":[],"yoast_head":"<!-- This site is optimized with the Yoast SEO plugin v20.1 - https:\/\/yoast.com\/wordpress\/plugins\/seo\/ -->\n<title>Therapeutisches Schreiben &ndash; Barbara Mannitz Hamburg<\/title>\n<meta name=\"robots\" content=\"index, follow, max-snippet:-1, max-image-preview:large, max-video-preview:-1\" \/>\n<link rel=\"canonical\" href=\"https:\/\/schreiben-und-erinnern.de\/index.php\/therapeutisches-schreiben\/\" \/>\n<meta property=\"og:locale\" content=\"de_DE\" \/>\n<meta property=\"og:type\" content=\"article\" \/>\n<meta property=\"og:title\" content=\"Therapeutisches Schreiben &ndash; Barbara Mannitz Hamburg\" \/>\n<meta property=\"og:description\" content=\"In schwierigen Zeiten &#8211; innehalten und andere Wege finden Schreiben hilft, sich besser zuzuh\u00f6ren, Erfahrungen zu verarbeiten und neue Perspektiven zu entwickeln \u2013 wenn Sie \u2013 etwas in ihrem Leben ver\u00e4ndern wollen, \u2013 in einen pers\u00f6nlichen Konflikt verstrickt sind, \u2013 &hellip; Weiterlesen &rarr;\" \/>\n<meta property=\"og:url\" content=\"https:\/\/schreiben-und-erinnern.de\/index.php\/therapeutisches-schreiben\/\" \/>\n<meta property=\"og:site_name\" content=\"Barbara Mannitz Hamburg\" \/>\n<meta property=\"article:modified_time\" content=\"2024-10-04T14:23:53+00:00\" \/>\n<meta property=\"og:image\" content=\"https:\/\/schreiben-und-erinnern.de\/wp-content\/uploads\/2019\/05\/531.jpg\" \/>\n<meta name=\"twitter:card\" content=\"summary_large_image\" \/>\n<meta name=\"twitter:label1\" content=\"Gesch\u00e4tzte Lesezeit\" \/>\n\t<meta name=\"twitter:data1\" content=\"1\u00a0Minute\" \/>\n<script type=\"application\/ld+json\" class=\"yoast-schema-graph\">{\"@context\":\"https:\/\/schema.org\",\"@graph\":[{\"@type\":\"WebPage\",\"@id\":\"https:\/\/schreiben-und-erinnern.de\/index.php\/therapeutisches-schreiben\/\",\"url\":\"https:\/\/schreiben-und-erinnern.de\/index.php\/therapeutisches-schreiben\/\",\"name\":\"Therapeutisches Schreiben &ndash; Barbara Mannitz Hamburg\",\"isPartOf\":{\"@id\":\"https:\/\/schreiben-und-erinnern.de\/#website\"},\"datePublished\":\"2019-05-16T15:49:46+00:00\",\"dateModified\":\"2024-10-04T14:23:53+00:00\",\"breadcrumb\":{\"@id\":\"https:\/\/schreiben-und-erinnern.de\/index.php\/therapeutisches-schreiben\/#breadcrumb\"},\"inLanguage\":\"de\",\"potentialAction\":[{\"@type\":\"ReadAction\",\"target\":[\"https:\/\/schreiben-und-erinnern.de\/index.php\/therapeutisches-schreiben\/\"]}]},{\"@type\":\"BreadcrumbList\",\"@id\":\"https:\/\/schreiben-und-erinnern.de\/index.php\/therapeutisches-schreiben\/#breadcrumb\",\"itemListElement\":[{\"@type\":\"ListItem\",\"position\":1,\"name\":\"Startseite\",\"item\":\"https:\/\/schreiben-und-erinnern.de\/\"},{\"@type\":\"ListItem\",\"position\":2,\"name\":\"Therapeutisches Schreiben\"}]},{\"@type\":\"WebSite\",\"@id\":\"https:\/\/schreiben-und-erinnern.de\/#website\",\"url\":\"https:\/\/schreiben-und-erinnern.de\/\",\"name\":\"Schreiben und Erinnern\",\"description\":\"schreiben \u2013 und \u2013 erinnern\",\"potentialAction\":[{\"@type\":\"SearchAction\",\"target\":{\"@type\":\"EntryPoint\",\"urlTemplate\":\"https:\/\/schreiben-und-erinnern.de\/?s={search_term_string}\"},\"query-input\":\"required name=search_term_string\"}],\"inLanguage\":\"de\"}]}<\/script>\n<!-- \/ Yoast SEO plugin. -->","yoast_head_json":{"title":"Therapeutisches Schreiben &ndash; Barbara Mannitz Hamburg","robots":{"index":"index","follow":"follow","max-snippet":"max-snippet:-1","max-image-preview":"max-image-preview:large","max-video-preview":"max-video-preview:-1"},"canonical":"https:\/\/schreiben-und-erinnern.de\/index.php\/therapeutisches-schreiben\/","og_locale":"de_DE","og_type":"article","og_title":"Therapeutisches Schreiben &ndash; Barbara Mannitz Hamburg","og_description":"In schwierigen Zeiten &#8211; innehalten und andere Wege finden Schreiben hilft, sich besser zuzuh\u00f6ren, Erfahrungen zu verarbeiten und neue Perspektiven zu entwickeln \u2013 wenn Sie \u2013 etwas in ihrem Leben ver\u00e4ndern wollen, \u2013 in einen pers\u00f6nlichen Konflikt verstrickt sind, \u2013 &hellip; Weiterlesen &rarr;","og_url":"https:\/\/schreiben-und-erinnern.de\/index.php\/therapeutisches-schreiben\/","og_site_name":"Barbara Mannitz Hamburg","article_modified_time":"2024-10-04T14:23:53+00:00","og_image":[{"url":"https:\/\/schreiben-und-erinnern.de\/wp-content\/uploads\/2019\/05\/531.jpg"}],"twitter_card":"summary_large_image","twitter_misc":{"Gesch\u00e4tzte Lesezeit":"1\u00a0Minute"},"schema":{"@context":"https:\/\/schema.org","@graph":[{"@type":"WebPage","@id":"https:\/\/schreiben-und-erinnern.de\/index.php\/therapeutisches-schreiben\/","url":"https:\/\/schreiben-und-erinnern.de\/index.php\/therapeutisches-schreiben\/","name":"Therapeutisches Schreiben &ndash; Barbara Mannitz Hamburg","isPartOf":{"@id":"https:\/\/schreiben-und-erinnern.de\/#website"},"datePublished":"2019-05-16T15:49:46+00:00","dateModified":"2024-10-04T14:23:53+00:00","breadcrumb":{"@id":"https:\/\/schreiben-und-erinnern.de\/index.php\/therapeutisches-schreiben\/#breadcrumb"},"inLanguage":"de","potentialAction":[{"@type":"ReadAction","target":["https:\/\/schreiben-und-erinnern.de\/index.php\/therapeutisches-schreiben\/"]}]},{"@type":"BreadcrumbList","@id":"https:\/\/schreiben-und-erinnern.de\/index.php\/therapeutisches-schreiben\/#breadcrumb","itemListElement":[{"@type":"ListItem","position":1,"name":"Startseite","item":"https:\/\/schreiben-und-erinnern.de\/"},{"@type":"ListItem","position":2,"name":"Therapeutisches Schreiben"}]},{"@type":"WebSite","@id":"https:\/\/schreiben-und-erinnern.de\/#website","url":"https:\/\/schreiben-und-erinnern.de\/","name":"Schreiben und Erinnern","description":"schreiben \u2013 und \u2013 erinnern","potentialAction":[{"@type":"SearchAction","target":{"@type":"EntryPoint","urlTemplate":"https:\/\/schreiben-und-erinnern.de\/?s={search_term_string}"},"query-input":"required name=search_term_string"}],"inLanguage":"de"}]}},"_links":{"self":[{"href":"https:\/\/schreiben-und-erinnern.de\/index.php\/wp-json\/wp\/v2\/pages\/97"}],"collection":[{"href":"https:\/\/schreiben-und-erinnern.de\/index.php\/wp-json\/wp\/v2\/pages"}],"about":[{"href":"https:\/\/schreiben-und-erinnern.de\/index.php\/wp-json\/wp\/v2\/types\/page"}],"author":[{"embeddable":true,"href":"https:\/\/schreiben-und-erinnern.de\/index.php\/wp-json\/wp\/v2\/users\/1"}],"replies":[{"embeddable":true,"href":"https:\/\/schreiben-und-erinnern.de\/index.php\/wp-json\/wp\/v2\/comments?post=97"}],"version-history":[{"count":11,"href":"https:\/\/schreiben-und-erinnern.de\/index.php\/wp-json\/wp\/v2\/pages\/97\/revisions"}],"predecessor-version":[{"id":313,"href":"https:\/\/schreiben-und-erinnern.de\/index.php\/wp-json\/wp\/v2\/pages\/97\/revisions\/313"}],"wp:attachment":[{"href":"https:\/\/schreiben-und-erinnern.de\/index.php\/wp-json\/wp\/v2\/media?parent=97"}],"curies":[{"name":"wp","href":"https:\/\/api.w.org\/{rel}","templated":true}]}}